{"id":826,"date":"2023-12-14T15:38:29","date_gmt":"2023-12-14T14:38:29","guid":{"rendered":"https:\/\/bvg.bertaeins.ch\/jung-flexibel\/"},"modified":"2024-01-25T11:34:54","modified_gmt":"2024-01-25T10:34:54","slug":"jung-flexibel","status":"publish","type":"page","link":"https:\/\/bvg.bertaeins.ch\/it\/jung-flexibel\/","title":{"rendered":"Giovane &amp; flessibile"},"content":{"rendered":"\n<p class=\"is-style-lead-paragraph\"><strong>Modernizzare un sistema superato<\/strong><\/p>\n\n\n\n<p>Quando la LPP \u00e8 stata creata era la norma lavorare per tutta la propria vita presso un unico datore di lavoro e al 100%. Oggi \u00e8 differente: lavoriamo a tempo parziale, a tempo pieno siamo in congedo parentale. Cambiamo spesso il posto di lavoro. Prendiamo dei congedi professionali per viaggiare, per occuparci della famiglia e per completare nuove formazioni. La previdenza professionale deve essere adeguata al nuovo modo di lavorare!<\/p>\n\n\n\n<p><\/p>\n\n\n\n            <section class=\"custom-quote-block\">\n            <p class=\"quote-text margin-bottom-0\" style=\"color: #d89b3a\">\u00abIl 65% dei giovani desidera lavorare a tempo parziale.\u00bb<\/p>\n\n                            <p class=\"quelle-text margin-bottom-0\">Barometro della giovent\u00f9 2020 di Credit Suisse<\/p>\n                    <\/section>\n    \n\n\n\n\n        <section class=\"image-text-block\">\n            <div class=\"image-text-content-cols \">\n                <div class=\"image-text-image-col \">\n                                            <img decoding=\"async\" src=\"https:\/\/bvg.bertaeins.ch\/wp-content\/uploads\/2024\/01\/jung_und_flexibel.jpg\" alt=\"\" \/>\n                                    <\/div>\n\n                <div class=\"image-text-content-col \">\n                    <div class=\"image-text-block-bg\" style=\"background-color: #d89b3a\"><\/div>\n\n                    <div class=\"image-text-content-col-wrapper\">\n                        \n                        \n                                                    <p class=\"margin-bottom-0\" style=\"color: #000000\">Michele (26 anni) studia all\u2019universit\u00e0 e ha due lavoretti a tempo parziale: un lavoro come aiuto nella biblioteca universitaria (10\u2019000 CHF all\u2019anno) e uno come commesso in una panetteria (16\u2019000 franchi all\u2019anno). Oggi non risparmia nulla per la rendita LPP perch\u00e9 i due salari sono al di sotto della soglia di entrata. Con la riforma i salari verranno sommati e Michele risparmier\u00e0 cos\u00ec sufficiente capitale per ricevere una rendita LPP di 5\u2019558 franchi all\u2019anno. \r\n\r\n\r\n<\/p>\n                        \n                        \n                                                    <div class=\"image-text-image-source-block\">\n                                <p class=\"much-smaller margin-bottom-0\" style=\"color: #000000\">Fonte: <a href=\"https:\/\/www.vermoegenszentrum.ch\/vz-ratgeber\/studien\/die-reform-der-beruflichen-vorsorge-bvg-21\" target=\"_blank\" class=\"much-smaller link-with-color\" style=\"color: #000000\">Verm\u00f6gensZentrum<\/a><\/p>\n                            <\/div>\n                                            <\/div>\n                <\/div>\n            <\/div>\n\n        <\/section>\n\n\n\n\n\n\n        <section class=\"image-text-block\">\n            <div class=\"image-text-content-cols \">\n                <div class=\"image-text-image-col no-media\">\n                                    <\/div>\n\n                <div class=\"image-text-content-col no-media\">\n                    <div class=\"image-text-block-bg\" style=\"background-color: \"><\/div>\n\n                    <div class=\"image-text-content-col-wrapper\">\n                        \n                                                    <h3 class=\"smaller margin-bottom-0\" style=\"color: \">Una previdenza professionale sicura per coloro che vogliono lavorare in maniera flessibile.<\/h3>\n                        \n                                                    <p class=\"margin-bottom-0\" style=\"color: \">La riforma LPP modernizza e assicura il nostro sistema di previdenza dei 3 pilastri alle nostre condizioni di vita e alle nuove modalit\u00e0 di lavoro. <\/p>\n                        \n                                                    <ul class=\"image-text-list-block\">\n                                                                    <li style=\"color: \"><span style=\"background-color: \"><\/span>Grazie all\u2019abbassamento della soglia d\u2019entrata e della deduzione di coordinamento, le persone che lavorano a tempo parziale e coloro che hanno pi\u00f9 di un lavoro, potranno risparmiare per una rendita del secondo pilastro. I datori di lavoro pagheranno almeno la met\u00e0 dei contributi. <\/li>\n                                                                    <li style=\"color: \"><span style=\"background-color: \"><\/span>I salari di pi\u00f9 occupazioni a tempo parziale (di chi ad esempio svolge diverse attivit\u00e0 con una percentuale di lavoro ridotta) verranno sommati tra loro e permetteranno cos\u00ec di iniziare a risparmiare per la pensione gi\u00e0 con i primi lavori a partire da 25 anni.<\/li>\n                                                                    <li style=\"color: \"><span style=\"background-color: \"><\/span>Il tasso di conversione viene adeguato alla speranza di vita. La maggioranza delle persone attive non \u00e8 toccata da questa misura. <\/li>\n                                                            <\/ul>\n                        \n                                            <\/div>\n                <\/div>\n            <\/div>\n\n        <\/section>\n\n\n\n\n\n\n    <section class=\"darum-gehts-block\">\n        <div class=\"darum_gehts_block_bg \" style=\"background-color: #d89b3a\"><\/div>\n        <div class=\"row\">\n            <div class=\"col-md-12\">\n                <div class=\"darum-gehts-block-content\">\n\n                    <div class=\"text-block full visibleInBackend\">\n\n                        \n                        \n                                                    <div class=\"text\">\n                                <p style=\"color: #000000\">Non \u00e8 quello che vorremmo per un sistema di previdenza professionale moderno? Una pensione sicura, la possibilit\u00e0 di lavorare in maniera flessibile e di organizzare la nostra vita come lo desideriamo! Per questo motivo la nostra previdenza vecchiaia deve essere adeguata ai nuovi bisogni della nostra societ\u00e0 e dell\u2019economia.\r\n<br>\r\n<br>\r\n<b>Per questo diciamo S\u00cc alla riforma della LPP!<\/b><\/p>\n                            <\/div>\n                        \n                                                    <div class=\"link\">\n                                <a href=\"https:\/\/bvg.bertaeins.ch\/it\/download\/\"  class=\"secondary-theme-btn\">\n                                    Scarica il argomentario (PDF)                                <\/a>\n                            <\/div>\n                                            <\/div>\n\n                                    <\/div>\n            <\/div>\n        <\/div>\n    <\/section>\n\n    <script>\n        var controller = new ScrollMagic.Controller();\n\n        new ScrollMagic.Scene({\n            triggerElement: \".darum-gehts-block .text-block\",\n            triggerHook: 0.8,\n            offset: 0\n        })\n            .setClassToggle(\".darum-gehts-block .text-block\", \"visibleBlock\")\n            .addTo(controller);\n\n        new ScrollMagic.Scene({\n            triggerElement: \".darum-gehts-block .media-block\",\n            triggerHook: 0.8,\n            offset: 0\n        })\n            .setClassToggle(\".darum-gehts-block .media-block\", \"visibleBlock\")\n            .addTo(controller);\n    <\/script>\n\n","protected":false},"excerpt":{"rendered":"<p>Modernizzare un sistema superato Quando la LPP \u00e8 stata creata era la norma lavorare per tutta la propria vita presso un unico datore di lavoro e al 100%. Oggi \u00e8 differente: lavoriamo a tempo parziale, a tempo pieno siamo in congedo parentale. Cambiamo spesso il posto di lavoro. Prendiamo dei congedi professionali per viaggiare, per [&hellip;]<\/p>\n","protected":false},"author":1,"featured_media":0,"parent":0,"menu_order":0,"comment_status":"closed","ping_status":"closed","template":"","meta":{"inline_featured_image":false,"footnotes":""},"acf":[],"_links":{"self":[{"href":"https:\/\/bvg.bertaeins.ch\/it\/wp-json\/wp\/v2\/pages\/826"}],"collection":[{"href":"https:\/\/bvg.bertaeins.ch\/it\/wp-json\/wp\/v2\/pages"}],"about":[{"href":"https:\/\/bvg.bertaeins.ch\/it\/wp-json\/wp\/v2\/types\/page"}],"author":[{"embeddable":true,"href":"https:\/\/bvg.bertaeins.ch\/it\/wp-json\/wp\/v2\/users\/1"}],"replies":[{"embeddable":true,"href":"https:\/\/bvg.bertaeins.ch\/it\/wp-json\/wp\/v2\/comments?post=826"}],"version-history":[{"count":19,"href":"https:\/\/bvg.bertaeins.ch\/it\/wp-json\/wp\/v2\/pages\/826\/revisions"}],"predecessor-version":[{"id":1423,"href":"https:\/\/bvg.bertaeins.ch\/it\/wp-json\/wp\/v2\/pages\/826\/revisions\/1423"}],"wp:attachment":[{"href":"https:\/\/bvg.bertaeins.ch\/it\/wp-json\/wp\/v2\/media?parent=826"}],"curies":[{"name":"wp","href":"https:\/\/api.w.org\/{rel}","templated":true}]}}